{"id":8,"date":"2011-06-30T11:30:06","date_gmt":"2011-06-30T11:30:06","guid":{"rendered":"http:\/\/complexacvila.ro\/?page_id=8"},"modified":"2024-10-27T17:02:06","modified_gmt":"2024-10-27T15:02:06","slug":"prezentare","status":"publish","type":"page","link":"https:\/\/www.complexacvila.ro\/?page_id=8","title":{"rendered":"Prezentare Acvila Sinaia"},"content":{"rendered":"<p style=\"text-align: justify;\"><img loading=\"lazy\" class=\"alignleft size-full wp-image-668\" src=\"https:\/\/www.complexacvila.ro\/wp-content\/uploads\/2013\/02\/16092011444_240x160.jpg\" alt=\"\" width=\"240\" height=\"160\" \/>Localizat\u0103 \u00een cartierul Cump\u0103tul din Sinaia, <strong>Vila Turistic\u0103 Acvila<\/strong> dispune de 10 camere perfect adaptabile nevoilor dumneavoastr\u0103, repartizate \u00een 6 camere duble matrimoniale, 2 camere twin, o garsoniera \u0219i un apartament.<\/p>\n<p>Camerele sunt complet echipate \u0219i au baie proprie, TV \u0219i minifrigider.<\/p>\n<p style=\"text-align: justify;\">Vila e str\u0103juit\u0103 de o curte natural\u0103, cu spa\u021biu suficient pentru promenada sau gr\u0103tar. Complexul are \u0219i o buc\u0103t\u0103rie complet utilat\u0103.<\/p>\n<p style=\"text-align: justify;\">Rezerv\u0103rile sunt posibile at\u00e2t pentru camere individuale, cat \u0219i pentru \u00eentreaga vila.<\/p>\n<h1 style=\"text-align: justify;\"><strong> V\u0103 a\u0219tept\u0103m cu drag!<\/strong><\/h1>\n","protected":false},"excerpt":{"rendered":"<p>Localizat\u0103 \u00een cartierul Cump\u0103tul din Sinaia, Vila Turistic\u0103 Acvila dispune de 10 camere perfect adaptabile nevoilor dumneavoastr\u0103, repartizate \u00een 6 camere duble matrimoniale, 2 camere twin, o garsoniera \u0219i un apartament. Camerele sunt complet echipate \u0219i au baie proprie, TV \u0219i minifrigider. Vila e str\u0103juit\u0103 de o curte natural\u0103, cu spa\u021biu suficient pentru promenada sau<br \/><a class=\"moretag\" href=\"https:\/\/www.complexacvila.ro\/?page_id=8\">+ Read More<\/a><\/p>\n","protected":false},"author":1,"featured_media":1226,"parent":0,"menu_order":30,"comment_status":"closed","ping_status":"closed","template":"","meta":[],"_links":{"self":[{"href":"https:\/\/www.complexacvila.ro\/index.php?rest_route=\/wp\/v2\/pages\/8"}],"collection":[{"href":"https:\/\/www.complexacvila.ro\/index.php?rest_route=\/wp\/v2\/pages"}],"about":[{"href":"https:\/\/www.complexacvila.ro\/index.php?rest_route=\/wp\/v2\/types\/page"}],"author":[{"embeddable":true,"href":"https:\/\/www.complexacvila.ro\/index.php?rest_route=\/wp\/v2\/users\/1"}],"replies":[{"embeddable":true,"href":"https:\/\/www.complexacvila.ro\/index.php?rest_route=%2Fwp%2Fv2%2Fcomments&post=8"}],"version-history":[{"count":27,"href":"https:\/\/www.complexacvila.ro\/index.php?rest_route=\/wp\/v2\/pages\/8\/revisions"}],"predecessor-version":[{"id":1342,"href":"https:\/\/www.complexacvila.ro\/index.php?rest_route=\/wp\/v2\/pages\/8\/revisions\/1342"}],"wp:featuredmedia":[{"embeddable":true,"href":"https:\/\/www.complexacvila.ro\/index.php?rest_route=\/wp\/v2\/media\/1226"}],"wp:attachment":[{"href":"https:\/\/www.complexacvila.ro\/index.php?rest_route=%2Fwp%2Fv2%2Fmedia&parent=8"}],"curies":[{"name":"wp","href":"https:\/\/api.w.org\/{rel}","templated":true}]}}